{"id":86,"date":"2025-08-02T18:03:14","date_gmt":"2025-08-02T22:03:14","guid":{"rendered":"https:\/\/latourdepierres.fr\/?page_id=86"},"modified":"2025-08-04T20:52:59","modified_gmt":"2025-08-05T00:52:59","slug":"nous-soutenir","status":"publish","type":"page","link":"https:\/\/latourdepierres.fr\/index.php\/nous-soutenir\/","title":{"rendered":"Nous soutenir"},"content":{"rendered":"\t\t<div data-elementor-type=\"wp-page\" data-elementor-id=\"86\" class=\"elementor elementor-86\">\n\t\t\t\t<div class=\"elementor-element elementor-element-254eabd e-flex e-con-boxed e-con e-parent\" data-id=\"254eabd\" data-element_type=\"container\">\n\t\t\t\t\t<div class=\"e-con-inner\">\n\t\t\t\t<div class=\"elementor-element elementor-element-a8bc5fe elementor-widget elementor-widget-heading\" data-id=\"a8bc5fe\" data-element_type=\"widget\" data-widget_type=\"heading.default\">\n\t\t\t\t\t<h2 class=\"elementor-heading-title elementor-size-default\">Envie de nous aider ?<\/h2>\t\t\t\t<\/div>\n\t\t\t\t<div class=\"elementor-element elementor-element-4e5cda3 elementor-widget elementor-widget-text-editor\" data-id=\"4e5cda3\" data-element_type=\"widget\" data-widget_type=\"text-editor.default\">\n\t\t\t\t\t\t\t\t\t<p>Le club d\u2019\u00e9checs la Tour de pierres est une association \u00e0 but non lucratif, affili\u00e9e \u00e0 la F\u00e9d\u00e9ration Fran\u00e7aise d\u2019\u00c9checs,\u00a0 \u00e0 la Ligue d\u2019\u00c9checs de Martinique et \u00e0 la F\u00e9d\u00e9ration Fran\u00e7aise de Go. <br \/><br \/>Nos objectifs principaux sont :<\/p><ul class=\"indented-list\"><li>Le maintien du mercredi apr\u00e8s-midi gratuit \u00e0 la rue Garnier Pag\u00e8s pour d\u00e9couvrir les \u00e9checs et le go .<\/li><li>Le d\u00e9veloppement d\u2019une communaut\u00e9 autour des \u00e9checs et du go en Martinique.<\/li><li>La mise en place un parcours d\u2019entrainement de haut niveau, port\u00e9 par la Salle du Temps, pour permettre aux martiniquais\u00b7e\u00b7s d&#8217;aller chercher des titres aux \u00e9checs.<\/li><li>L&#8217;achat de mat\u00e9riel pour encadrer nos joueurs et joueuses<\/li><\/ul><p>Les principales fonctions de l\u2019organisation seront assur\u00e9es par les membres du club et parents b\u00e9n\u00e9voles. <br \/>Notre association est d\u2019int\u00e9r\u00eat g\u00e9n\u00e9ral, et par cons\u00e9quent tous les dons re\u00e7us seront \u00e9ligibles aux r\u00e9ductions d\u2019imp\u00f4ts de 66,66% pr\u00e9vues aux articles 200 et 238 bis du CGI.<\/p><p>Vous pouvez nous soutenir en cliquant sur ce lien : <a href=\"https:\/\/www.helloasso.com\/associations\/la-tour-de-pierres\/formulaires\/1\/widget\" target=\"_blank\" rel=\"noopener\">faire un don<\/a> ou en remplissant directement le formulaire ci-dessous.<\/p>\t\t\t\t\t\t\t\t<\/div>\n\t\t\t\t<div class=\"elementor-element elementor-element-40f5817 elementor-widget elementor-widget-html\" data-id=\"40f5817\" data-element_type=\"widget\" data-widget_type=\"html.default\">\n\t\t\t\t\t<iframe id=\"haWidget\" allowtransparency=\"true\" scrolling=\"auto\" src=\"https:\/\/www.helloasso.com\/associations\/la-tour-de-pierres\/formulaires\/1\/widget\" style=\"width: 100%; height: 750px; border: none;\"><\/iframe>\t\t\t\t<\/div>\n\t\t\t\t\t<\/div>\n\t\t\t\t<\/div>\n\t\t\t\t<\/div>\n\t\t","protected":false},"excerpt":{"rendered":"<p>Envie de nous aider ? Le club d\u2019\u00e9checs la Tour de pierres est une association \u00e0 but non lucratif, affili\u00e9e \u00e0 la F\u00e9d\u00e9ration Fran\u00e7aise d\u2019\u00c9checs,\u00a0 \u00e0 la Ligue d\u2019\u00c9checs de Martinique et \u00e0 la F\u00e9d\u00e9ration Fran\u00e7aise de Go. Nos objectifs principaux sont : Le maintien du mercredi apr\u00e8s-midi gratuit \u00e0 la rue Garnier Pag\u00e8s pour [&hellip;]<\/p>\n","protected":false},"author":2,"featured_media":0,"parent":0,"menu_order":0,"comment_status":"closed","ping_status":"closed","template":"","meta":{"ocean_post_layout":"","ocean_both_sidebars_style":"","ocean_both_sidebars_content_width":0,"ocean_both_sidebars_sidebars_width":0,"ocean_sidebar":"","ocean_second_sidebar":"","ocean_disable_margins":"enable","ocean_add_body_class":"","ocean_shortcode_before_top_bar":"","ocean_shortcode_after_top_bar":"","ocean_shortcode_before_header":"","ocean_shortcode_after_header":"","ocean_has_shortcode":"","ocean_shortcode_after_title":"","ocean_shortcode_before_footer_widgets":"","ocean_shortcode_after_footer_widgets":"","ocean_shortcode_before_footer_bottom":"","ocean_shortcode_after_footer_bottom":"","ocean_display_top_bar":"default","ocean_display_header":"default","ocean_header_style":"","ocean_center_header_left_menu":"","ocean_custom_header_template":"","ocean_custom_logo":0,"ocean_custom_retina_logo":0,"ocean_custom_logo_max_width":0,"ocean_custom_logo_tablet_max_width":0,"ocean_custom_logo_mobile_max_width":0,"ocean_custom_logo_max_height":0,"ocean_custom_logo_tablet_max_height":0,"ocean_custom_logo_mobile_max_height":0,"ocean_header_custom_menu":"","ocean_menu_typo_font_family":"","ocean_menu_typo_font_subset":"","ocean_menu_typo_font_size":0,"ocean_menu_typo_font_size_tablet":0,"ocean_menu_typo_font_size_mobile":0,"ocean_menu_typo_font_size_unit":"px","ocean_menu_typo_font_weight":"","ocean_menu_typo_font_weight_tablet":"","ocean_menu_typo_font_weight_mobile":"","ocean_menu_typo_transform":"","ocean_menu_typo_transform_tablet":"","ocean_menu_typo_transform_mobile":"","ocean_menu_typo_line_height":0,"ocean_menu_typo_line_height_tablet":0,"ocean_menu_typo_line_height_mobile":0,"ocean_menu_typo_line_height_unit":"","ocean_menu_typo_spacing":0,"ocean_menu_typo_spacing_tablet":0,"ocean_menu_typo_spacing_mobile":0,"ocean_menu_typo_spacing_unit":"","ocean_menu_link_color":"","ocean_menu_link_color_hover":"","ocean_menu_link_color_active":"","ocean_menu_link_background":"","ocean_menu_link_hover_background":"","ocean_menu_link_active_background":"","ocean_menu_social_links_bg":"","ocean_menu_social_hover_links_bg":"","ocean_menu_social_links_color":"","ocean_menu_social_hover_links_color":"","ocean_disable_title":"default","ocean_disable_heading":"default","ocean_post_title":"","ocean_post_subheading":"","ocean_post_title_style":"","ocean_post_title_background_color":"","ocean_post_title_background":0,"ocean_post_title_bg_image_position":"","ocean_post_title_bg_image_attachment":"","ocean_post_title_bg_image_repeat":"","ocean_post_title_bg_image_size":"","ocean_post_title_height":0,"ocean_post_title_bg_overlay":0.5,"ocean_post_title_bg_overlay_color":"","ocean_disable_breadcrumbs":"default","ocean_breadcrumbs_color":"","ocean_breadcrumbs_separator_color":"","ocean_breadcrumbs_links_color":"","ocean_breadcrumbs_links_hover_color":"","ocean_display_footer_widgets":"default","ocean_display_footer_bottom":"default","ocean_custom_footer_template":"","footnotes":""},"class_list":["post-86","page","type-page","status-publish","hentry","entry"],"yoast_head":"<!-- This site is optimized with the Yoast SEO plugin v25.8 - https:\/\/yoast.com\/wordpress\/plugins\/seo\/ -->\n<title>Nous soutenir - La Tour de pierres<\/title>\n<meta name=\"robots\" content=\"index, follow, max-snippet:-1, max-image-preview:large, max-video-preview:-1\" \/>\n<link rel=\"canonical\" href=\"https:\/\/latourdepierres.fr\/index.php\/nous-soutenir\/\" \/>\n<meta property=\"og:locale\" content=\"fr_FR\" \/>\n<meta property=\"og:type\" content=\"article\" \/>\n<meta property=\"og:title\" content=\"Nous soutenir - La Tour de pierres\" \/>\n<meta property=\"og:description\" content=\"Envie de nous aider ? Le club d\u2019\u00e9checs la Tour de pierres est une association \u00e0 but non lucratif, affili\u00e9e \u00e0 la F\u00e9d\u00e9ration Fran\u00e7aise d\u2019\u00c9checs,\u00a0 \u00e0 la Ligue d\u2019\u00c9checs de Martinique et \u00e0 la F\u00e9d\u00e9ration Fran\u00e7aise de Go. Nos objectifs principaux sont : Le maintien du mercredi apr\u00e8s-midi gratuit \u00e0 la rue Garnier Pag\u00e8s pour [&hellip;]\" \/>\n<meta property=\"og:url\" content=\"https:\/\/latourdepierres.fr\/index.php\/nous-soutenir\/\" \/>\n<meta property=\"og:site_name\" content=\"La Tour de pierres\" \/>\n<meta property=\"article:modified_time\" content=\"2025-08-05T00:52:59+00:00\" \/>\n<meta name=\"twitter:card\" content=\"summary_large_image\" \/>\n<meta name=\"twitter:label1\" content=\"Dur\u00e9e de lecture estim\u00e9e\" \/>\n\t<meta name=\"twitter:data1\" content=\"1 minute\" \/>\n<script type=\"application\/ld+json\" class=\"yoast-schema-graph\">{\"@context\":\"https:\/\/schema.org\",\"@graph\":[{\"@type\":\"WebPage\",\"@id\":\"https:\/\/latourdepierres.fr\/index.php\/nous-soutenir\/\",\"url\":\"https:\/\/latourdepierres.fr\/index.php\/nous-soutenir\/\",\"name\":\"Nous soutenir - La Tour de pierres\",\"isPartOf\":{\"@id\":\"https:\/\/latourdepierres.fr\/#website\"},\"datePublished\":\"2025-08-02T22:03:14+00:00\",\"dateModified\":\"2025-08-05T00:52:59+00:00\",\"breadcrumb\":{\"@id\":\"https:\/\/latourdepierres.fr\/index.php\/nous-soutenir\/#breadcrumb\"},\"inLanguage\":\"fr-FR\",\"potentialAction\":[{\"@type\":\"ReadAction\",\"target\":[\"https:\/\/latourdepierres.fr\/index.php\/nous-soutenir\/\"]}]},{\"@type\":\"BreadcrumbList\",\"@id\":\"https:\/\/latourdepierres.fr\/index.php\/nous-soutenir\/#breadcrumb\",\"itemListElement\":[{\"@type\":\"ListItem\",\"position\":1,\"name\":\"Accueil\",\"item\":\"https:\/\/latourdepierres.fr\/\"},{\"@type\":\"ListItem\",\"position\":2,\"name\":\"Nous soutenir\"}]},{\"@type\":\"WebSite\",\"@id\":\"https:\/\/latourdepierres.fr\/#website\",\"url\":\"https:\/\/latourdepierres.fr\/\",\"name\":\"La Tour de pierres\",\"description\":\"L&#039;association d&#039;\u00e9checs et de Go \u00e0 Fort de France\",\"publisher\":{\"@id\":\"https:\/\/latourdepierres.fr\/#organization\"},\"potentialAction\":[{\"@type\":\"SearchAction\",\"target\":{\"@type\":\"EntryPoint\",\"urlTemplate\":\"https:\/\/latourdepierres.fr\/?s={search_term_string}\"},\"query-input\":{\"@type\":\"PropertyValueSpecification\",\"valueRequired\":true,\"valueName\":\"search_term_string\"}}],\"inLanguage\":\"fr-FR\"},{\"@type\":\"Organization\",\"@id\":\"https:\/\/latourdepierres.fr\/#organization\",\"name\":\"La Tour de pierres\",\"url\":\"https:\/\/latourdepierres.fr\/\",\"logo\":{\"@type\":\"ImageObject\",\"inLanguage\":\"fr-FR\",\"@id\":\"https:\/\/latourdepierres.fr\/#\/schema\/logo\/image\/\",\"url\":\"https:\/\/latourdepierres.fr\/wp-content\/uploads\/2025\/07\/1-medium_512.jpg\",\"contentUrl\":\"https:\/\/latourdepierres.fr\/wp-content\/uploads\/2025\/07\/1-medium_512.jpg\",\"width\":512,\"height\":512,\"caption\":\"La Tour de pierres\"},\"image\":{\"@id\":\"https:\/\/latourdepierres.fr\/#\/schema\/logo\/image\/\"},\"sameAs\":[\"https:\/\/helloasso.com\/associations\/la-tour-de-pierres\"]}]}<\/script>\n<!-- \/ Yoast SEO plugin. -->","yoast_head_json":{"title":"Nous soutenir - La Tour de pierres","robots":{"index":"index","follow":"follow","max-snippet":"max-snippet:-1","max-image-preview":"max-image-preview:large","max-video-preview":"max-video-preview:-1"},"canonical":"https:\/\/latourdepierres.fr\/index.php\/nous-soutenir\/","og_locale":"fr_FR","og_type":"article","og_title":"Nous soutenir - La Tour de pierres","og_description":"Envie de nous aider ? Le club d\u2019\u00e9checs la Tour de pierres est une association \u00e0 but non lucratif, affili\u00e9e \u00e0 la F\u00e9d\u00e9ration Fran\u00e7aise d\u2019\u00c9checs,\u00a0 \u00e0 la Ligue d\u2019\u00c9checs de Martinique et \u00e0 la F\u00e9d\u00e9ration Fran\u00e7aise de Go. Nos objectifs principaux sont : Le maintien du mercredi apr\u00e8s-midi gratuit \u00e0 la rue Garnier Pag\u00e8s pour [&hellip;]","og_url":"https:\/\/latourdepierres.fr\/index.php\/nous-soutenir\/","og_site_name":"La Tour de pierres","article_modified_time":"2025-08-05T00:52:59+00:00","twitter_card":"summary_large_image","twitter_misc":{"Dur\u00e9e de lecture estim\u00e9e":"1 minute"},"schema":{"@context":"https:\/\/schema.org","@graph":[{"@type":"WebPage","@id":"https:\/\/latourdepierres.fr\/index.php\/nous-soutenir\/","url":"https:\/\/latourdepierres.fr\/index.php\/nous-soutenir\/","name":"Nous soutenir - La Tour de pierres","isPartOf":{"@id":"https:\/\/latourdepierres.fr\/#website"},"datePublished":"2025-08-02T22:03:14+00:00","dateModified":"2025-08-05T00:52:59+00:00","breadcrumb":{"@id":"https:\/\/latourdepierres.fr\/index.php\/nous-soutenir\/#breadcrumb"},"inLanguage":"fr-FR","potentialAction":[{"@type":"ReadAction","target":["https:\/\/latourdepierres.fr\/index.php\/nous-soutenir\/"]}]},{"@type":"BreadcrumbList","@id":"https:\/\/latourdepierres.fr\/index.php\/nous-soutenir\/#breadcrumb","itemListElement":[{"@type":"ListItem","position":1,"name":"Accueil","item":"https:\/\/latourdepierres.fr\/"},{"@type":"ListItem","position":2,"name":"Nous soutenir"}]},{"@type":"WebSite","@id":"https:\/\/latourdepierres.fr\/#website","url":"https:\/\/latourdepierres.fr\/","name":"La Tour de pierres","description":"L&#039;association d&#039;\u00e9checs et de Go \u00e0 Fort de France","publisher":{"@id":"https:\/\/latourdepierres.fr\/#organization"},"potentialAction":[{"@type":"SearchAction","target":{"@type":"EntryPoint","urlTemplate":"https:\/\/latourdepierres.fr\/?s={search_term_string}"},"query-input":{"@type":"PropertyValueSpecification","valueRequired":true,"valueName":"search_term_string"}}],"inLanguage":"fr-FR"},{"@type":"Organization","@id":"https:\/\/latourdepierres.fr\/#organization","name":"La Tour de pierres","url":"https:\/\/latourdepierres.fr\/","logo":{"@type":"ImageObject","inLanguage":"fr-FR","@id":"https:\/\/latourdepierres.fr\/#\/schema\/logo\/image\/","url":"https:\/\/latourdepierres.fr\/wp-content\/uploads\/2025\/07\/1-medium_512.jpg","contentUrl":"https:\/\/latourdepierres.fr\/wp-content\/uploads\/2025\/07\/1-medium_512.jpg","width":512,"height":512,"caption":"La Tour de pierres"},"image":{"@id":"https:\/\/latourdepierres.fr\/#\/schema\/logo\/image\/"},"sameAs":["https:\/\/helloasso.com\/associations\/la-tour-de-pierres"]}]}},"_links":{"self":[{"href":"https:\/\/latourdepierres.fr\/index.php\/wp-json\/wp\/v2\/pages\/86","targetHints":{"allow":["GET"]}}],"collection":[{"href":"https:\/\/latourdepierres.fr\/index.php\/wp-json\/wp\/v2\/pages"}],"about":[{"href":"https:\/\/latourdepierres.fr\/index.php\/wp-json\/wp\/v2\/types\/page"}],"author":[{"embeddable":true,"href":"https:\/\/latourdepierres.fr\/index.php\/wp-json\/wp\/v2\/users\/2"}],"replies":[{"embeddable":true,"href":"https:\/\/latourdepierres.fr\/index.php\/wp-json\/wp\/v2\/comments?post=86"}],"version-history":[{"count":0,"href":"https:\/\/latourdepierres.fr\/index.php\/wp-json\/wp\/v2\/pages\/86\/revisions"}],"wp:attachment":[{"href":"https:\/\/latourdepierres.fr\/index.php\/wp-json\/wp\/v2\/media?parent=86"}],"curies":[{"name":"wp","href":"https:\/\/api.w.org\/{rel}","templated":true}]}}