{"id":81,"date":"2025-08-02T18:00:55","date_gmt":"2025-08-02T22:00:55","guid":{"rendered":"https:\/\/latourdepierres.fr\/?page_id=81"},"modified":"2025-08-15T20:57:44","modified_gmt":"2025-08-16T00:57:44","slug":"adhesion","status":"publish","type":"page","link":"https:\/\/latourdepierres.fr\/index.php\/adhesion\/","title":{"rendered":"Adh\u00e9sion"},"content":{"rendered":"\t\t<div data-elementor-type=\"wp-page\" data-elementor-id=\"81\" class=\"elementor elementor-81\">\n\t\t\t\t<div class=\"elementor-element elementor-element-d6b0b68 e-flex e-con-boxed e-con e-parent\" data-id=\"d6b0b68\" data-element_type=\"container\">\n\t\t\t\t\t<div class=\"e-con-inner\">\n\t\t\t\t<div class=\"elementor-element elementor-element-69ee34b elementor-widget elementor-widget-heading\" data-id=\"69ee34b\" data-element_type=\"widget\" data-widget_type=\"heading.default\">\n\t\t\t\t\t<h2 class=\"elementor-heading-title elementor-size-default\">\ud83c\udf89 \ud83c\udf89 \ud83c\udf89 \ud83c\udf89 \ud83c\udf89   Les inscriptions sont ouvertes   \ud83c\udf89 \ud83c\udf89 \ud83c\udf89 \ud83c\udf89 \ud83c\udf89<\/h2>\t\t\t\t<\/div>\n\t\t\t\t<div class=\"elementor-element elementor-element-b7eb17d elementor-widget elementor-widget-text-editor\" data-id=\"b7eb17d\" data-element_type=\"widget\" data-widget_type=\"text-editor.default\">\n\t\t\t\t\t\t\t\t\t<p>Que vous soyez un grand strat\u00e8ge, un amateur curieux ou simplement en qu\u00eate d\u2019une activit\u00e9 conviviale, on vous attend nombreux pour partager la passion du jeu d\u2019\u00e9checs et du jeu de Go.<\/p><p>\u00a0<\/p><p>Vous pouvez vous rendre directement sur notre page <a href=\"https:\/\/www.helloasso.com\/associations\/la-tour-de-pierres\/adhesions\/adhesion-a-la-tour-de-pierres-2025-2026\" target=\"_blank\" rel=\"noopener\">HelloAsso <\/a> ou compl\u00e9ter le formulaire ci dessous pour vous inscrire.<\/p>\t\t\t\t\t\t\t\t<\/div>\n\t\t\t\t\t<\/div>\n\t\t\t\t<\/div>\n\t\t<div class=\"elementor-element elementor-element-2b2c5ee e-flex e-con-boxed e-con e-parent\" data-id=\"2b2c5ee\" data-element_type=\"container\">\n\t\t\t\t\t<div class=\"e-con-inner\">\n\t\t\t\t<div class=\"elementor-element elementor-element-d7385fb elementor-widget elementor-widget-html\" data-id=\"d7385fb\" data-element_type=\"widget\" data-widget_type=\"html.default\">\n\t\t\t\t\t<iframe id=\"haWidget\" allowtransparency=\"true\" src=\"https:\/\/www.helloasso.com\/associations\/la-tour-de-pierres\/adhesions\/adhesion-a-la-tour-de-pierres-2025-2026\/widget\" style=\"width: 100%; border: none;\" onload=\"window.addEventListener( 'message', e => { const dataHeight = e.data.height; const haWidgetElement = document.getElementById('haWidget'); haWidgetElement.height = dataHeight + 'px'; } )\" ><\/iframe>\t\t\t\t<\/div>\n\t\t\t\t<div class=\"elementor-element elementor-element-b6b7780 elementor-widget elementor-widget-spacer\" data-id=\"b6b7780\" data-element_type=\"widget\" data-widget_type=\"spacer.default\">\n\t\t\t\t\t\t\t<div class=\"elementor-spacer\">\n\t\t\t<div class=\"elementor-spacer-inner\"><\/div>\n\t\t<\/div>\n\t\t\t\t\t\t<\/div>\n\t\t\t\t\t<\/div>\n\t\t\t\t<\/div>\n\t\t<div class=\"elementor-element elementor-element-3d6f3a0 e-flex e-con-boxed e-con e-parent\" data-id=\"3d6f3a0\" data-element_type=\"container\">\n\t\t\t\t\t<div class=\"e-con-inner\">\n\t\t\t\t<div class=\"elementor-element elementor-element-ddbb600 elementor-widget elementor-widget-heading\" data-id=\"ddbb600\" data-element_type=\"widget\" data-widget_type=\"heading.default\">\n\t\t\t\t\t<h1 class=\"elementor-heading-title elementor-size-default\">Au programme<\/h1>\t\t\t\t<\/div>\n\t\t\t\t<div class=\"elementor-element elementor-element-f6414a0 elementor-widget elementor-widget-spacer\" data-id=\"f6414a0\" data-element_type=\"widget\" data-widget_type=\"spacer.default\">\n\t\t\t\t\t\t\t<div class=\"elementor-spacer\">\n\t\t\t<div class=\"elementor-spacer-inner\"><\/div>\n\t\t<\/div>\n\t\t\t\t\t\t<\/div>\n\t\t\t\t<div class=\"elementor-element elementor-element-0aad69e elementor-widget elementor-widget-heading\" data-id=\"0aad69e\" data-element_type=\"widget\" data-widget_type=\"heading.default\">\n\t\t\t\t\t<h4 class=\"elementor-heading-title elementor-size-default\">Mercredi apr\u00e8s-midi \u00e0 Garnier Pag\u00e8s<\/h4>\t\t\t\t<\/div>\n\t\t<div class=\"elementor-element elementor-element-fea142d e-con-full e-flex e-con e-child\" data-id=\"fea142d\" data-element_type=\"container\">\n\t\t\t\t<div class=\"elementor-element elementor-element-df85d95 elementor-widget elementor-widget-text-editor\" data-id=\"df85d95\" data-element_type=\"widget\" data-widget_type=\"text-editor.default\">\n\t\t\t\t\t\t\t\t\t<p>Tous les mercredis apr\u00e8s-midi, de 17h \u00e0 20h, nous permettons aux gens de jouer aux \u00e9checs et au go \u00e0 la rue Garnier Pag\u00e8s.<\/p><p><strong>C&#8217;est gratuit<\/strong>, ouvert \u00e0 toutes et tous, sans adh\u00e9sion ni inscription requise.<\/p>\t\t\t\t\t\t\t\t<\/div>\n\t\t\t\t<div class=\"elementor-element elementor-element-05fd9c5 elementor-widget elementor-widget-google_maps\" data-id=\"05fd9c5\" data-element_type=\"widget\" data-widget_type=\"google_maps.default\">\n\t\t\t\t\t\t\t<div class=\"elementor-custom-embed\">\n\t\t\t<iframe loading=\"lazy\"\n\t\t\t\t\tsrc=\"https:\/\/maps.google.com\/maps?q=17%20rue%20garnier%20pag%C3%A8s%2097200&#038;t=m&#038;z=14&#038;output=embed&#038;iwloc=near\"\n\t\t\t\t\ttitle=\"17 rue garnier pag\u00e8s 97200\"\n\t\t\t\t\taria-label=\"17 rue garnier pag\u00e8s 97200\"\n\t\t\t><\/iframe>\n\t\t<\/div>\n\t\t\t\t\t\t<\/div>\n\t\t\t\t<\/div>\n\t\t\t\t<div class=\"elementor-element elementor-element-169c752 elementor-widget-divider--view-line elementor-widget elementor-widget-divider\" data-id=\"169c752\" data-element_type=\"widget\" data-widget_type=\"divider.default\">\n\t\t\t\t\t\t\t<div class=\"elementor-divider\">\n\t\t\t<span class=\"elementor-divider-separator\">\n\t\t\t\t\t\t<\/span>\n\t\t<\/div>\n\t\t\t\t\t\t<\/div>\n\t\t\t\t<div class=\"elementor-element elementor-element-873ee18 elementor-widget elementor-widget-heading\" data-id=\"873ee18\" data-element_type=\"widget\" data-widget_type=\"heading.default\">\n\t\t\t\t\t<h4 class=\"elementor-heading-title elementor-size-default\">Vendredi de 18h \u00e0 20h : Cours d'\u00e9checs et de go<\/h4>\t\t\t\t<\/div>\n\t\t<div class=\"elementor-element elementor-element-f76fb59 e-con-full e-flex e-con e-child\" data-id=\"f76fb59\" data-element_type=\"container\">\n\t\t\t\t<div class=\"elementor-element elementor-element-07950fe elementor-widget elementor-widget-text-editor\" data-id=\"07950fe\" data-element_type=\"widget\" data-widget_type=\"text-editor.default\">\n\t\t\t\t\t\t\t\t\t<p>Vous pouvez participer \u00e0 nos <strong>cours et entrainements d&#8217;\u00e9checs et de go le vendredi soir pour 55 euros l&#8217;ann\u00e9e.<\/strong><\/p><p>Pour les \u00e9checs, les cours sont organis\u00e9s par groupe de niveaux, de d\u00e9butant \u00e0 2100 ELO, de 5 \u00e0 99 ans. Tous les cours auront lieu au Lyc\u00e9e professionnel Jeanne CATAY\u00c9E \u00e0 Chateauboeuf\u00a0et commenceront tous \u00e0 18h.<\/p><p>Le cours de go sera lui aussi \u00e0 18h, ouvert \u00e0 tous les niveaux, notamment aux d\u00e9butants qui souhaitent apprendre et d\u00e9couvrir le jeu. On peut l&#8217;apprendre \u00e0 partir de 5\/6 ans.<\/p><p>Nos cours sont ouverts \u00e0 tous, nous acceptons aussi les joueurs qui prennent leur licences dans un autre club.\u00a0<\/p>\t\t\t\t\t\t\t\t<\/div>\n\t\t\t\t<div class=\"elementor-element elementor-element-4327e46 elementor-widget elementor-widget-google_maps\" data-id=\"4327e46\" data-element_type=\"widget\" data-widget_type=\"google_maps.default\">\n\t\t\t\t\t\t\t<div class=\"elementor-custom-embed\">\n\t\t\t<iframe loading=\"lazy\"\n\t\t\t\t\tsrc=\"https:\/\/maps.google.com\/maps?q=lyc%C3%A9e%20professionnel%20chateauboeuf%2097200%20&#038;t=m&#038;z=14&#038;output=embed&#038;iwloc=near\"\n\t\t\t\t\ttitle=\"lyc\u00e9e professionnel chateauboeuf 97200 \"\n\t\t\t\t\taria-label=\"lyc\u00e9e professionnel chateauboeuf 97200 \"\n\t\t\t><\/iframe>\n\t\t<\/div>\n\t\t\t\t\t\t<\/div>\n\t\t\t\t<\/div>\n\t\t\t\t<div class=\"elementor-element elementor-element-9016215 elementor-widget-divider--view-line elementor-widget elementor-widget-divider\" data-id=\"9016215\" data-element_type=\"widget\" data-widget_type=\"divider.default\">\n\t\t\t\t\t\t\t<div class=\"elementor-divider\">\n\t\t\t<span class=\"elementor-divider-separator\">\n\t\t\t\t\t\t<\/span>\n\t\t<\/div>\n\t\t\t\t\t\t<\/div>\n\t\t\t\t<div class=\"elementor-element elementor-element-64df54b elementor-widget elementor-widget-heading\" data-id=\"64df54b\" data-element_type=\"widget\" data-widget_type=\"heading.default\">\n\t\t\t\t\t<h4 class=\"elementor-heading-title elementor-size-default\">La Salle du temps<\/h4>\t\t\t\t<\/div>\n\t\t\t\t<div class=\"elementor-element elementor-element-fa7c503 elementor-widget elementor-widget-text-editor\" data-id=\"fa7c503\" data-element_type=\"widget\" data-widget_type=\"text-editor.default\">\n\t\t\t\t\t\t\t\t\t<p>Un programme d&#8217;entrainement en ligne avec des joueurs titr\u00e9s est accessible et r\u00e9serv\u00e9 aux meilleurs joueurs de Martinique afin de permettre \u00e0 nos joueurs martiniquais de rivaliser avec les meilleurs.<\/p><p>La nouvelle \u00e9dition de ce programme d&#8217;entrainement sera pr\u00e9sent\u00e9e \u00e0 la rentr\u00e9e.<\/p>\t\t\t\t\t\t\t\t<\/div>\n\t\t\t\t<div class=\"elementor-element elementor-element-89da6d8 elementor-widget-divider--view-line elementor-widget elementor-widget-divider\" data-id=\"89da6d8\" data-element_type=\"widget\" data-widget_type=\"divider.default\">\n\t\t\t\t\t\t\t<div class=\"elementor-divider\">\n\t\t\t<span class=\"elementor-divider-separator\">\n\t\t\t\t\t\t<\/span>\n\t\t<\/div>\n\t\t\t\t\t\t<\/div>\n\t\t\t\t<div class=\"elementor-element elementor-element-4050e8e elementor-widget elementor-widget-heading\" data-id=\"4050e8e\" data-element_type=\"widget\" data-widget_type=\"heading.default\">\n\t\t\t\t\t<h4 class=\"elementor-heading-title elementor-size-default\">Tarifs<\/h4>\t\t\t\t<\/div>\n\t\t\t\t<div class=\"elementor-element elementor-element-c96f92c elementor-widget elementor-widget-text-editor\" data-id=\"c96f92c\" data-element_type=\"widget\" data-widget_type=\"text-editor.default\">\n\t\t\t\t\t\t\t\t\t<ul><li style=\"list-style-type: none;\"><ul><li>L&#8217;adh\u00e9sion \u00e0 l&#8217;association co\u00fbte 105 \u20ac pour l&#8217;ann\u00e9e.<\/li><li>La participation pour les cours est de 55 \u20ac pour l&#8217;ann\u00e9e.<\/li><li>La Salle du temps sera pr\u00e9sent\u00e9e ult\u00e9rieurement.<\/li><\/ul><\/li><\/ul>\t\t\t\t\t\t\t\t<\/div>\n\t\t\t\t\t<\/div>\n\t\t\t\t<\/div>\n\t\t\t\t<\/div>\n\t\t","protected":false},"excerpt":{"rendered":"<p>\ud83c\udf89 \ud83c\udf89 \ud83c\udf89 \ud83c\udf89 \ud83c\udf89 Les inscriptions sont ouvertes \ud83c\udf89 \ud83c\udf89 \ud83c\udf89 \ud83c\udf89 \ud83c\udf89 Que vous soyez un grand strat\u00e8ge, un amateur curieux ou simplement en qu\u00eate d\u2019une activit\u00e9 conviviale, on vous attend nombreux pour partager la passion du jeu d\u2019\u00e9checs et du jeu de Go. \u00a0 Vous pouvez vous rendre directement sur notre page [&hellip;]<\/p>\n","protected":false},"author":2,"featured_media":0,"parent":0,"menu_order":0,"comment_status":"closed","ping_status":"closed","template":"","meta":{"ocean_post_layout":"","ocean_both_sidebars_style":"","ocean_both_sidebars_content_width":0,"ocean_both_sidebars_sidebars_width":0,"ocean_sidebar":"","ocean_second_sidebar":"","ocean_disable_margins":"enable","ocean_add_body_class":"","ocean_shortcode_before_top_bar":"","ocean_shortcode_after_top_bar":"","ocean_shortcode_before_header":"","ocean_shortcode_after_header":"","ocean_has_shortcode":"","ocean_shortcode_after_title":"","ocean_shortcode_before_footer_widgets":"","ocean_shortcode_after_footer_widgets":"","ocean_shortcode_before_footer_bottom":"","ocean_shortcode_after_footer_bottom":"","ocean_display_top_bar":"default","ocean_display_header":"default","ocean_header_style":"","ocean_center_header_left_menu":"","ocean_custom_header_template":"","ocean_custom_logo":0,"ocean_custom_retina_logo":0,"ocean_custom_logo_max_width":0,"ocean_custom_logo_tablet_max_width":0,"ocean_custom_logo_mobile_max_width":0,"ocean_custom_logo_max_height":0,"ocean_custom_logo_tablet_max_height":0,"ocean_custom_logo_mobile_max_height":0,"ocean_header_custom_menu":"","ocean_menu_typo_font_family":"","ocean_menu_typo_font_subset":"","ocean_menu_typo_font_size":0,"ocean_menu_typo_font_size_tablet":0,"ocean_menu_typo_font_size_mobile":0,"ocean_menu_typo_font_size_unit":"px","ocean_menu_typo_font_weight":"","ocean_menu_typo_font_weight_tablet":"","ocean_menu_typo_font_weight_mobile":"","ocean_menu_typo_transform":"","ocean_menu_typo_transform_tablet":"","ocean_menu_typo_transform_mobile":"","ocean_menu_typo_line_height":0,"ocean_menu_typo_line_height_tablet":0,"ocean_menu_typo_line_height_mobile":0,"ocean_menu_typo_line_height_unit":"","ocean_menu_typo_spacing":0,"ocean_menu_typo_spacing_tablet":0,"ocean_menu_typo_spacing_mobile":0,"ocean_menu_typo_spacing_unit":"","ocean_menu_link_color":"","ocean_menu_link_color_hover":"","ocean_menu_link_color_active":"","ocean_menu_link_background":"","ocean_menu_link_hover_background":"","ocean_menu_link_active_background":"","ocean_menu_social_links_bg":"","ocean_menu_social_hover_links_bg":"","ocean_menu_social_links_color":"","ocean_menu_social_hover_links_color":"","ocean_disable_title":"default","ocean_disable_heading":"default","ocean_post_title":"","ocean_post_subheading":"","ocean_post_title_style":"","ocean_post_title_background_color":"","ocean_post_title_background":0,"ocean_post_title_bg_image_position":"","ocean_post_title_bg_image_attachment":"","ocean_post_title_bg_image_repeat":"","ocean_post_title_bg_image_size":"","ocean_post_title_height":0,"ocean_post_title_bg_overlay":0.5,"ocean_post_title_bg_overlay_color":"","ocean_disable_breadcrumbs":"default","ocean_breadcrumbs_color":"","ocean_breadcrumbs_separator_color":"","ocean_breadcrumbs_links_color":"","ocean_breadcrumbs_links_hover_color":"","ocean_display_footer_widgets":"default","ocean_display_footer_bottom":"default","ocean_custom_footer_template":"","footnotes":""},"class_list":["post-81","page","type-page","status-publish","hentry","entry"],"yoast_head":"<!-- This site is optimized with the Yoast SEO plugin v25.8 - https:\/\/yoast.com\/wordpress\/plugins\/seo\/ -->\n<title>Adh\u00e9sion - La Tour de pierres<\/title>\n<meta name=\"robots\" content=\"index, follow, max-snippet:-1, max-image-preview:large, max-video-preview:-1\" \/>\n<link rel=\"canonical\" href=\"https:\/\/latourdepierres.fr\/index.php\/adhesion\/\" \/>\n<meta property=\"og:locale\" content=\"fr_FR\" \/>\n<meta property=\"og:type\" content=\"article\" \/>\n<meta property=\"og:title\" content=\"Adh\u00e9sion - La Tour de pierres\" \/>\n<meta property=\"og:description\" content=\"\ud83c\udf89 \ud83c\udf89 \ud83c\udf89 \ud83c\udf89 \ud83c\udf89 Les inscriptions sont ouvertes \ud83c\udf89 \ud83c\udf89 \ud83c\udf89 \ud83c\udf89 \ud83c\udf89 Que vous soyez un grand strat\u00e8ge, un amateur curieux ou simplement en qu\u00eate d\u2019une activit\u00e9 conviviale, on vous attend nombreux pour partager la passion du jeu d\u2019\u00e9checs et du jeu de Go. \u00a0 Vous pouvez vous rendre directement sur notre page [&hellip;]\" \/>\n<meta property=\"og:url\" content=\"https:\/\/latourdepierres.fr\/index.php\/adhesion\/\" \/>\n<meta property=\"og:site_name\" content=\"La Tour de pierres\" \/>\n<meta property=\"article:modified_time\" content=\"2025-08-16T00:57:44+00:00\" \/>\n<meta name=\"twitter:card\" content=\"summary_large_image\" \/>\n<meta name=\"twitter:label1\" content=\"Dur\u00e9e de lecture estim\u00e9e\" \/>\n\t<meta name=\"twitter:data1\" content=\"1 minute\" \/>\n<script type=\"application\/ld+json\" class=\"yoast-schema-graph\">{\"@context\":\"https:\/\/schema.org\",\"@graph\":[{\"@type\":\"WebPage\",\"@id\":\"https:\/\/latourdepierres.fr\/index.php\/adhesion\/\",\"url\":\"https:\/\/latourdepierres.fr\/index.php\/adhesion\/\",\"name\":\"Adh\u00e9sion - La Tour de pierres\",\"isPartOf\":{\"@id\":\"https:\/\/latourdepierres.fr\/#website\"},\"datePublished\":\"2025-08-02T22:00:55+00:00\",\"dateModified\":\"2025-08-16T00:57:44+00:00\",\"breadcrumb\":{\"@id\":\"https:\/\/latourdepierres.fr\/index.php\/adhesion\/#breadcrumb\"},\"inLanguage\":\"fr-FR\",\"potentialAction\":[{\"@type\":\"ReadAction\",\"target\":[\"https:\/\/latourdepierres.fr\/index.php\/adhesion\/\"]}]},{\"@type\":\"BreadcrumbList\",\"@id\":\"https:\/\/latourdepierres.fr\/index.php\/adhesion\/#breadcrumb\",\"itemListElement\":[{\"@type\":\"ListItem\",\"position\":1,\"name\":\"Accueil\",\"item\":\"https:\/\/latourdepierres.fr\/\"},{\"@type\":\"ListItem\",\"position\":2,\"name\":\"Adh\u00e9sion\"}]},{\"@type\":\"WebSite\",\"@id\":\"https:\/\/latourdepierres.fr\/#website\",\"url\":\"https:\/\/latourdepierres.fr\/\",\"name\":\"La Tour de pierres\",\"description\":\"L&#039;association d&#039;\u00e9checs et de Go \u00e0 Fort de France\",\"publisher\":{\"@id\":\"https:\/\/latourdepierres.fr\/#organization\"},\"potentialAction\":[{\"@type\":\"SearchAction\",\"target\":{\"@type\":\"EntryPoint\",\"urlTemplate\":\"https:\/\/latourdepierres.fr\/?s={search_term_string}\"},\"query-input\":{\"@type\":\"PropertyValueSpecification\",\"valueRequired\":true,\"valueName\":\"search_term_string\"}}],\"inLanguage\":\"fr-FR\"},{\"@type\":\"Organization\",\"@id\":\"https:\/\/latourdepierres.fr\/#organization\",\"name\":\"La Tour de pierres\",\"url\":\"https:\/\/latourdepierres.fr\/\",\"logo\":{\"@type\":\"ImageObject\",\"inLanguage\":\"fr-FR\",\"@id\":\"https:\/\/latourdepierres.fr\/#\/schema\/logo\/image\/\",\"url\":\"https:\/\/latourdepierres.fr\/wp-content\/uploads\/2025\/07\/1-medium_512.jpg\",\"contentUrl\":\"https:\/\/latourdepierres.fr\/wp-content\/uploads\/2025\/07\/1-medium_512.jpg\",\"width\":512,\"height\":512,\"caption\":\"La Tour de pierres\"},\"image\":{\"@id\":\"https:\/\/latourdepierres.fr\/#\/schema\/logo\/image\/\"},\"sameAs\":[\"https:\/\/helloasso.com\/associations\/la-tour-de-pierres\"]}]}<\/script>\n<!-- \/ Yoast SEO plugin. -->","yoast_head_json":{"title":"Adh\u00e9sion - La Tour de pierres","robots":{"index":"index","follow":"follow","max-snippet":"max-snippet:-1","max-image-preview":"max-image-preview:large","max-video-preview":"max-video-preview:-1"},"canonical":"https:\/\/latourdepierres.fr\/index.php\/adhesion\/","og_locale":"fr_FR","og_type":"article","og_title":"Adh\u00e9sion - La Tour de pierres","og_description":"\ud83c\udf89 \ud83c\udf89 \ud83c\udf89 \ud83c\udf89 \ud83c\udf89 Les inscriptions sont ouvertes \ud83c\udf89 \ud83c\udf89 \ud83c\udf89 \ud83c\udf89 \ud83c\udf89 Que vous soyez un grand strat\u00e8ge, un amateur curieux ou simplement en qu\u00eate d\u2019une activit\u00e9 conviviale, on vous attend nombreux pour partager la passion du jeu d\u2019\u00e9checs et du jeu de Go. \u00a0 Vous pouvez vous rendre directement sur notre page [&hellip;]","og_url":"https:\/\/latourdepierres.fr\/index.php\/adhesion\/","og_site_name":"La Tour de pierres","article_modified_time":"2025-08-16T00:57:44+00:00","twitter_card":"summary_large_image","twitter_misc":{"Dur\u00e9e de lecture estim\u00e9e":"1 minute"},"schema":{"@context":"https:\/\/schema.org","@graph":[{"@type":"WebPage","@id":"https:\/\/latourdepierres.fr\/index.php\/adhesion\/","url":"https:\/\/latourdepierres.fr\/index.php\/adhesion\/","name":"Adh\u00e9sion - La Tour de pierres","isPartOf":{"@id":"https:\/\/latourdepierres.fr\/#website"},"datePublished":"2025-08-02T22:00:55+00:00","dateModified":"2025-08-16T00:57:44+00:00","breadcrumb":{"@id":"https:\/\/latourdepierres.fr\/index.php\/adhesion\/#breadcrumb"},"inLanguage":"fr-FR","potentialAction":[{"@type":"ReadAction","target":["https:\/\/latourdepierres.fr\/index.php\/adhesion\/"]}]},{"@type":"BreadcrumbList","@id":"https:\/\/latourdepierres.fr\/index.php\/adhesion\/#breadcrumb","itemListElement":[{"@type":"ListItem","position":1,"name":"Accueil","item":"https:\/\/latourdepierres.fr\/"},{"@type":"ListItem","position":2,"name":"Adh\u00e9sion"}]},{"@type":"WebSite","@id":"https:\/\/latourdepierres.fr\/#website","url":"https:\/\/latourdepierres.fr\/","name":"La Tour de pierres","description":"L&#039;association d&#039;\u00e9checs et de Go \u00e0 Fort de France","publisher":{"@id":"https:\/\/latourdepierres.fr\/#organization"},"potentialAction":[{"@type":"SearchAction","target":{"@type":"EntryPoint","urlTemplate":"https:\/\/latourdepierres.fr\/?s={search_term_string}"},"query-input":{"@type":"PropertyValueSpecification","valueRequired":true,"valueName":"search_term_string"}}],"inLanguage":"fr-FR"},{"@type":"Organization","@id":"https:\/\/latourdepierres.fr\/#organization","name":"La Tour de pierres","url":"https:\/\/latourdepierres.fr\/","logo":{"@type":"ImageObject","inLanguage":"fr-FR","@id":"https:\/\/latourdepierres.fr\/#\/schema\/logo\/image\/","url":"https:\/\/latourdepierres.fr\/wp-content\/uploads\/2025\/07\/1-medium_512.jpg","contentUrl":"https:\/\/latourdepierres.fr\/wp-content\/uploads\/2025\/07\/1-medium_512.jpg","width":512,"height":512,"caption":"La Tour de pierres"},"image":{"@id":"https:\/\/latourdepierres.fr\/#\/schema\/logo\/image\/"},"sameAs":["https:\/\/helloasso.com\/associations\/la-tour-de-pierres"]}]}},"_links":{"self":[{"href":"https:\/\/latourdepierres.fr\/index.php\/wp-json\/wp\/v2\/pages\/81","targetHints":{"allow":["GET"]}}],"collection":[{"href":"https:\/\/latourdepierres.fr\/index.php\/wp-json\/wp\/v2\/pages"}],"about":[{"href":"https:\/\/latourdepierres.fr\/index.php\/wp-json\/wp\/v2\/types\/page"}],"author":[{"embeddable":true,"href":"https:\/\/latourdepierres.fr\/index.php\/wp-json\/wp\/v2\/users\/2"}],"replies":[{"embeddable":true,"href":"https:\/\/latourdepierres.fr\/index.php\/wp-json\/wp\/v2\/comments?post=81"}],"version-history":[{"count":0,"href":"https:\/\/latourdepierres.fr\/index.php\/wp-json\/wp\/v2\/pages\/81\/revisions"}],"wp:attachment":[{"href":"https:\/\/latourdepierres.fr\/index.php\/wp-json\/wp\/v2\/media?parent=81"}],"curies":[{"name":"wp","href":"https:\/\/api.w.org\/{rel}","templated":true}]}}