{"id":18,"date":"2025-07-27T22:43:35","date_gmt":"2025-07-28T02:43:35","guid":{"rendered":"https:\/\/latourdepierres.fr\/?page_id=18"},"modified":"2025-08-15T19:07:28","modified_gmt":"2025-08-15T23:07:28","slug":"le-jeu-dechecs","status":"publish","type":"page","link":"https:\/\/latourdepierres.fr\/index.php\/le-jeu-dechecs\/","title":{"rendered":"Le jeu d&#8217;\u00e9checs"},"content":{"rendered":"\t\t<div data-elementor-type=\"wp-page\" data-elementor-id=\"18\" class=\"elementor elementor-18\">\n\t\t\t\t<div class=\"elementor-element elementor-element-145ab91 e-flex e-con-boxed e-con e-parent\" data-id=\"145ab91\" data-element_type=\"container\">\n\t\t\t\t\t<div class=\"e-con-inner\">\n\t\t\t\t<div class=\"elementor-element elementor-element-c55c6cc elementor-widget elementor-widget-heading\" data-id=\"c55c6cc\" data-element_type=\"widget\" data-widget_type=\"heading.default\">\n\t\t\t\t\t<h1 class=\"elementor-heading-title elementor-size-default\">Introduction  <\/h1>\t\t\t\t<\/div>\n\t\t\t\t<div class=\"elementor-element elementor-element-6d11bc9 elementor-widget elementor-widget-text-editor\" data-id=\"6d11bc9\" data-element_type=\"widget\" data-widget_type=\"text-editor.default\">\n\t\t\t\t\t\t\t\t\t<p>Les \u00e9checs, jeu mill\u00e9naire alliant strat\u00e9gie et cr\u00e9ativit\u00e9, s\u00e9duisent des millions de joueurs \u00e0 travers le monde. Que vous soyez d\u00e9butant ou expert, ce jeu offre un d\u00e9fi intellectuel stimulant et des opportunit\u00e9s infinies de progression. Ce guide vous accompagne dans votre apprentissage, depuis vos premiers pas jusqu\u2019\u00e0 la ma\u00eetrise des techniques avanc\u00e9es, en vous orientant vers les meilleures ressources en ligne.<\/p>\t\t\t\t\t\t\t\t<\/div>\n\t\t\t\t<div class=\"elementor-element elementor-element-2501167 elementor-widget elementor-widget-spacer\" data-id=\"2501167\" data-element_type=\"widget\" data-widget_type=\"spacer.default\">\n\t\t\t\t\t\t\t<div class=\"elementor-spacer\">\n\t\t\t<div class=\"elementor-spacer-inner\"><\/div>\n\t\t<\/div>\n\t\t\t\t\t\t<\/div>\n\t\t\t\t<div class=\"elementor-element elementor-element-3ca717b elementor-widget elementor-widget-heading\" data-id=\"3ca717b\" data-element_type=\"widget\" data-widget_type=\"heading.default\">\n\t\t\t\t\t<h1 class=\"elementor-heading-title elementor-size-default\">Le parcours du d\u00e9butant aux \u00e9checs <\/h1>\t\t\t\t<\/div>\n\t\t\t\t<div class=\"elementor-element elementor-element-39a6a78 elementor-widget elementor-widget-text-editor\" data-id=\"39a6a78\" data-element_type=\"widget\" data-widget_type=\"text-editor.default\">\n\t\t\t\t\t\t\t\t\t<p class=\"ds-markdown-paragraph\">Pour bien d\u00e9marrer aux \u00e9checs, ma\u00eetrisez ces \u00e9tapes fondamentales :<\/p><ul><li style=\"list-style-type: none;\"><ul><li><strong>Apprenez les r\u00e8gles<\/strong> : D\u00e9placements des pi\u00e8ces, \u00e9chec et mat, pat, roque, prise en passant.<\/li><li class=\"ds-markdown-paragraph\"><strong>Jouez r\u00e9guli\u00e8rement<\/strong> : Affrontez des amis ou des bots pour assimiler les bases.<\/li><li class=\"ds-markdown-paragraph\"><strong>\u00c9tudiez les mats simples<\/strong> : Mat du couloir, mat du berger, mat avec la dame et la tour.<\/li><li class=\"ds-markdown-paragraph\"><strong>\u00c9vitez les pi\u00e8ges courants<\/strong> : Ne perdez pas de pi\u00e8ces gratuitement, d\u00e9veloppez vos pi\u00e8ces rapidement.<\/li><li class=\"ds-markdown-paragraph\"><strong>Analysez vos parties<\/strong> : Identifiez vos erreurs pour progresser efficacement.<\/li><\/ul><\/li><\/ul>\t\t\t\t\t\t\t\t<\/div>\n\t\t\t\t<div class=\"elementor-element elementor-element-74c48d2 elementor-widget elementor-widget-spacer\" data-id=\"74c48d2\" data-element_type=\"widget\" data-widget_type=\"spacer.default\">\n\t\t\t\t\t\t\t<div class=\"elementor-spacer\">\n\t\t\t<div class=\"elementor-spacer-inner\"><\/div>\n\t\t<\/div>\n\t\t\t\t\t\t<\/div>\n\t\t\t\t<div class=\"elementor-element elementor-element-7ecfd16 elementor-widget elementor-widget-heading\" data-id=\"7ecfd16\" data-element_type=\"widget\" data-widget_type=\"heading.default\">\n\t\t\t\t\t<h1 class=\"elementor-heading-title elementor-size-default\">Devenir un joueur interm\u00e9diaire  <\/h1>\t\t\t\t<\/div>\n\t\t\t\t<div class=\"elementor-element elementor-element-54af878 elementor-widget elementor-widget-text-editor\" data-id=\"54af878\" data-element_type=\"widget\" data-widget_type=\"text-editor.default\">\n\t\t\t\t\t\t\t\t\t<p class=\"ds-markdown-paragraph\">\u00c0 ce stade, approfondissez votre compr\u00e9hension strat\u00e9gique et tactique :<\/p><ul><li style=\"list-style-type: none;\"><ul><li><p class=\"ds-markdown-paragraph\"><strong>Tactique<\/strong> : Travaillez les fourchettes, clouages et enfilades avec des exercices quotidiens.<\/p><\/li><li><p class=\"ds-markdown-paragraph\"><strong>Strat\u00e9gie<\/strong> : Contr\u00f4lez le centre, am\u00e9liorez l\u2019activit\u00e9 de vos pi\u00e8ces, exploitez les faiblesses adverses.<\/p><\/li><li><p class=\"ds-markdown-paragraph\"><strong>Ouvertures et finales<\/strong> : Apprenez 2-3 ouvertures solides (ex : italienne, sicilienne) et les finales de base (roi et pion contre roi).<\/p><\/li><li><p class=\"ds-markdown-paragraph\"><strong>Temps de r\u00e9flexion<\/strong> : G\u00e9rez votre clock et \u00e9vitez les blitz sans analyse.<\/p><\/li><\/ul><\/li><\/ul>\t\t\t\t\t\t\t\t<\/div>\n\t\t\t\t<div class=\"elementor-element elementor-element-b3f2f37 elementor-widget elementor-widget-spacer\" data-id=\"b3f2f37\" data-element_type=\"widget\" data-widget_type=\"spacer.default\">\n\t\t\t\t\t\t\t<div class=\"elementor-spacer\">\n\t\t\t<div class=\"elementor-spacer-inner\"><\/div>\n\t\t<\/div>\n\t\t\t\t\t\t<\/div>\n\t\t\t\t<div class=\"elementor-element elementor-element-a42a877 elementor-widget elementor-widget-heading\" data-id=\"a42a877\" data-element_type=\"widget\" data-widget_type=\"heading.default\">\n\t\t\t\t\t<h1 class=\"elementor-heading-title elementor-size-default\">Outils d'entra\u00eenement pour les joueurs forts <\/h1>\t\t\t\t<\/div>\n\t\t\t\t<div class=\"elementor-element elementor-element-dd995d0 elementor-widget elementor-widget-text-editor\" data-id=\"dd995d0\" data-element_type=\"widget\" data-widget_type=\"text-editor.default\">\n\t\t\t\t\t\t\t\t\t<p class=\"ds-markdown-paragraph\">Pour franchir le cap du niveau expert, int\u00e9grez ces m\u00e9thodes :<\/p><ul><li style=\"list-style-type: none;\"><ul><li><p class=\"ds-markdown-paragraph\"><strong>Analyse approfondie<\/strong> : Utilisez des engines pour d\u00e9cortiquer vos parties.<\/p><\/li><li><p class=\"ds-markdown-paragraph\"><strong>R\u00e9pertoire d\u2019ouvertures<\/strong> : Affinez vos lignes avec des bases de donn\u00e9es (ChessBase, OpeningTree).<\/p><\/li><li><p class=\"ds-markdown-paragraph\"><strong>Probl\u00e8mes complexes<\/strong> : Entra\u00eenez-vous sur des \u00e9tudes de 3 \u00e0 5 coups (Chesstempo, CT-Art).<\/p><\/li><li><p class=\"ds-markdown-paragraph\"><strong>Parties lentes<\/strong> : Privil\u00e9giez les formats classiques (15+10 ou 30+0) pour peaufiner votre planification.<\/p><\/li><\/ul><\/li><\/ul>\t\t\t\t\t\t\t\t<\/div>\n\t\t\t\t<div class=\"elementor-element elementor-element-45487b7 elementor-widget elementor-widget-spacer\" data-id=\"45487b7\" data-element_type=\"widget\" data-widget_type=\"spacer.default\">\n\t\t\t\t\t\t\t<div class=\"elementor-spacer\">\n\t\t\t<div class=\"elementor-spacer-inner\"><\/div>\n\t\t<\/div>\n\t\t\t\t\t\t<\/div>\n\t\t\t\t<div class=\"elementor-element elementor-element-5b20500 elementor-widget elementor-widget-heading\" data-id=\"5b20500\" data-element_type=\"widget\" data-widget_type=\"heading.default\">\n\t\t\t\t\t<h1 class=\"elementor-heading-title elementor-size-default\">Les sites o\u00f9 l'on peut jouer aux \u00e9checs sur Internet  <\/h1>\t\t\t\t<\/div>\n\t\t\t\t<div class=\"elementor-element elementor-element-b7f9152 elementor-widget elementor-widget-text-editor\" data-id=\"b7f9152\" data-element_type=\"widget\" data-widget_type=\"text-editor.default\">\n\t\t\t\t\t\t\t\t\t<p class=\"ds-markdown-paragraph\">Voici les plateformes incontournables pour pratiquer :<\/p><ul><li style=\"list-style-type: none;\"><ul><li><p class=\"ds-markdown-paragraph\"><strong><a href=\"https:\/\/lichess.org\/\" target=\"_blank\" rel=\"noopener noreferrer\">Lichess<\/a><\/strong> : Gratuit, open-source, sans pubs, avec des outils d\u2019analyse int\u00e9gr\u00e9s.<\/p><\/li><li><p class=\"ds-markdown-paragraph\"><strong><a href=\"https:\/\/www.chess.com\/\" target=\"_blank\" rel=\"noopener noreferrer\">Chess.com<\/a><\/strong> : Payant pour les fonctions avanc\u00e9es, mais propose des cours et des puzzles vari\u00e9s.<\/p><\/li><\/ul><\/li><\/ul>\t\t\t\t\t\t\t\t<\/div>\n\t\t\t\t\t<\/div>\n\t\t\t\t<\/div>\n\t\t\t\t<\/div>\n\t\t","protected":false},"excerpt":{"rendered":"<p>Introduction Les \u00e9checs, jeu mill\u00e9naire alliant strat\u00e9gie et cr\u00e9ativit\u00e9, s\u00e9duisent des millions de joueurs \u00e0 travers le monde. Que vous soyez d\u00e9butant ou expert, ce jeu offre un d\u00e9fi intellectuel stimulant et des opportunit\u00e9s infinies de progression. Ce guide vous accompagne dans votre apprentissage, depuis vos premiers pas jusqu\u2019\u00e0 la ma\u00eetrise des techniques avanc\u00e9es, en [&hellip;]<\/p>\n","protected":false},"author":2,"featured_media":0,"parent":0,"menu_order":0,"comment_status":"closed","ping_status":"closed","template":"","meta":{"ocean_post_layout":"","ocean_both_sidebars_style":"","ocean_both_sidebars_content_width":0,"ocean_both_sidebars_sidebars_width":0,"ocean_sidebar":"","ocean_second_sidebar":"","ocean_disable_margins":"enable","ocean_add_body_class":"","ocean_shortcode_before_top_bar":"","ocean_shortcode_after_top_bar":"","ocean_shortcode_before_header":"","ocean_shortcode_after_header":"","ocean_has_shortcode":"","ocean_shortcode_after_title":"","ocean_shortcode_before_footer_widgets":"","ocean_shortcode_after_footer_widgets":"","ocean_shortcode_before_footer_bottom":"","ocean_shortcode_after_footer_bottom":"","ocean_display_top_bar":"default","ocean_display_header":"default","ocean_header_style":"","ocean_center_header_left_menu":"","ocean_custom_header_template":"","ocean_custom_logo":0,"ocean_custom_retina_logo":0,"ocean_custom_logo_max_width":0,"ocean_custom_logo_tablet_max_width":0,"ocean_custom_logo_mobile_max_width":0,"ocean_custom_logo_max_height":0,"ocean_custom_logo_tablet_max_height":0,"ocean_custom_logo_mobile_max_height":0,"ocean_header_custom_menu":"","ocean_menu_typo_font_family":"","ocean_menu_typo_font_subset":"","ocean_menu_typo_font_size":0,"ocean_menu_typo_font_size_tablet":0,"ocean_menu_typo_font_size_mobile":0,"ocean_menu_typo_font_size_unit":"px","ocean_menu_typo_font_weight":"","ocean_menu_typo_font_weight_tablet":"","ocean_menu_typo_font_weight_mobile":"","ocean_menu_typo_transform":"","ocean_menu_typo_transform_tablet":"","ocean_menu_typo_transform_mobile":"","ocean_menu_typo_line_height":0,"ocean_menu_typo_line_height_tablet":0,"ocean_menu_typo_line_height_mobile":0,"ocean_menu_typo_line_height_unit":"","ocean_menu_typo_spacing":0,"ocean_menu_typo_spacing_tablet":0,"ocean_menu_typo_spacing_mobile":0,"ocean_menu_typo_spacing_unit":"","ocean_menu_link_color":"","ocean_menu_link_color_hover":"","ocean_menu_link_color_active":"","ocean_menu_link_background":"","ocean_menu_link_hover_background":"","ocean_menu_link_active_background":"","ocean_menu_social_links_bg":"","ocean_menu_social_hover_links_bg":"","ocean_menu_social_links_color":"","ocean_menu_social_hover_links_color":"","ocean_disable_title":"default","ocean_disable_heading":"default","ocean_post_title":"","ocean_post_subheading":"","ocean_post_title_style":"","ocean_post_title_background_color":"","ocean_post_title_background":0,"ocean_post_title_bg_image_position":"","ocean_post_title_bg_image_attachment":"","ocean_post_title_bg_image_repeat":"","ocean_post_title_bg_image_size":"","ocean_post_title_height":0,"ocean_post_title_bg_overlay":0.5,"ocean_post_title_bg_overlay_color":"","ocean_disable_breadcrumbs":"default","ocean_breadcrumbs_color":"","ocean_breadcrumbs_separator_color":"","ocean_breadcrumbs_links_color":"","ocean_breadcrumbs_links_hover_color":"","ocean_display_footer_widgets":"default","ocean_display_footer_bottom":"default","ocean_custom_footer_template":"","footnotes":""},"class_list":["post-18","page","type-page","status-publish","hentry","entry"],"yoast_head":"<!-- This site is optimized with the Yoast SEO plugin v25.8 - https:\/\/yoast.com\/wordpress\/plugins\/seo\/ -->\n<title>Le jeu d&#039;\u00e9checs - La Tour de pierres<\/title>\n<meta name=\"robots\" content=\"index, follow, max-snippet:-1, max-image-preview:large, max-video-preview:-1\" \/>\n<link rel=\"canonical\" href=\"https:\/\/latourdepierres.fr\/index.php\/le-jeu-dechecs\/\" \/>\n<meta property=\"og:locale\" content=\"fr_FR\" \/>\n<meta property=\"og:type\" content=\"article\" \/>\n<meta property=\"og:title\" content=\"Le jeu d&#039;\u00e9checs - La Tour de pierres\" \/>\n<meta property=\"og:description\" content=\"Introduction Les \u00e9checs, jeu mill\u00e9naire alliant strat\u00e9gie et cr\u00e9ativit\u00e9, s\u00e9duisent des millions de joueurs \u00e0 travers le monde. Que vous soyez d\u00e9butant ou expert, ce jeu offre un d\u00e9fi intellectuel stimulant et des opportunit\u00e9s infinies de progression. Ce guide vous accompagne dans votre apprentissage, depuis vos premiers pas jusqu\u2019\u00e0 la ma\u00eetrise des techniques avanc\u00e9es, en [&hellip;]\" \/>\n<meta property=\"og:url\" content=\"https:\/\/latourdepierres.fr\/index.php\/le-jeu-dechecs\/\" \/>\n<meta property=\"og:site_name\" content=\"La Tour de pierres\" \/>\n<meta property=\"article:modified_time\" content=\"2025-08-15T23:07:28+00:00\" \/>\n<meta name=\"twitter:card\" content=\"summary_large_image\" \/>\n<meta name=\"twitter:label1\" content=\"Dur\u00e9e de lecture estim\u00e9e\" \/>\n\t<meta name=\"twitter:data1\" content=\"2 minutes\" \/>\n<script type=\"application\/ld+json\" class=\"yoast-schema-graph\">{\"@context\":\"https:\/\/schema.org\",\"@graph\":[{\"@type\":\"WebPage\",\"@id\":\"https:\/\/latourdepierres.fr\/index.php\/le-jeu-dechecs\/\",\"url\":\"https:\/\/latourdepierres.fr\/index.php\/le-jeu-dechecs\/\",\"name\":\"Le jeu d'\u00e9checs - La Tour de pierres\",\"isPartOf\":{\"@id\":\"https:\/\/latourdepierres.fr\/#website\"},\"datePublished\":\"2025-07-28T02:43:35+00:00\",\"dateModified\":\"2025-08-15T23:07:28+00:00\",\"breadcrumb\":{\"@id\":\"https:\/\/latourdepierres.fr\/index.php\/le-jeu-dechecs\/#breadcrumb\"},\"inLanguage\":\"fr-FR\",\"potentialAction\":[{\"@type\":\"ReadAction\",\"target\":[\"https:\/\/latourdepierres.fr\/index.php\/le-jeu-dechecs\/\"]}]},{\"@type\":\"BreadcrumbList\",\"@id\":\"https:\/\/latourdepierres.fr\/index.php\/le-jeu-dechecs\/#breadcrumb\",\"itemListElement\":[{\"@type\":\"ListItem\",\"position\":1,\"name\":\"Accueil\",\"item\":\"https:\/\/latourdepierres.fr\/\"},{\"@type\":\"ListItem\",\"position\":2,\"name\":\"Le jeu d&#8217;\u00e9checs\"}]},{\"@type\":\"WebSite\",\"@id\":\"https:\/\/latourdepierres.fr\/#website\",\"url\":\"https:\/\/latourdepierres.fr\/\",\"name\":\"La Tour de pierres\",\"description\":\"L&#039;association d&#039;\u00e9checs et de Go \u00e0 Fort de France\",\"publisher\":{\"@id\":\"https:\/\/latourdepierres.fr\/#organization\"},\"potentialAction\":[{\"@type\":\"SearchAction\",\"target\":{\"@type\":\"EntryPoint\",\"urlTemplate\":\"https:\/\/latourdepierres.fr\/?s={search_term_string}\"},\"query-input\":{\"@type\":\"PropertyValueSpecification\",\"valueRequired\":true,\"valueName\":\"search_term_string\"}}],\"inLanguage\":\"fr-FR\"},{\"@type\":\"Organization\",\"@id\":\"https:\/\/latourdepierres.fr\/#organization\",\"name\":\"La Tour de pierres\",\"url\":\"https:\/\/latourdepierres.fr\/\",\"logo\":{\"@type\":\"ImageObject\",\"inLanguage\":\"fr-FR\",\"@id\":\"https:\/\/latourdepierres.fr\/#\/schema\/logo\/image\/\",\"url\":\"https:\/\/latourdepierres.fr\/wp-content\/uploads\/2025\/07\/1-medium_512.jpg\",\"contentUrl\":\"https:\/\/latourdepierres.fr\/wp-content\/uploads\/2025\/07\/1-medium_512.jpg\",\"width\":512,\"height\":512,\"caption\":\"La Tour de pierres\"},\"image\":{\"@id\":\"https:\/\/latourdepierres.fr\/#\/schema\/logo\/image\/\"},\"sameAs\":[\"https:\/\/helloasso.com\/associations\/la-tour-de-pierres\"]}]}<\/script>\n<!-- \/ Yoast SEO plugin. -->","yoast_head_json":{"title":"Le jeu d'\u00e9checs - La Tour de pierres","robots":{"index":"index","follow":"follow","max-snippet":"max-snippet:-1","max-image-preview":"max-image-preview:large","max-video-preview":"max-video-preview:-1"},"canonical":"https:\/\/latourdepierres.fr\/index.php\/le-jeu-dechecs\/","og_locale":"fr_FR","og_type":"article","og_title":"Le jeu d'\u00e9checs - La Tour de pierres","og_description":"Introduction Les \u00e9checs, jeu mill\u00e9naire alliant strat\u00e9gie et cr\u00e9ativit\u00e9, s\u00e9duisent des millions de joueurs \u00e0 travers le monde. Que vous soyez d\u00e9butant ou expert, ce jeu offre un d\u00e9fi intellectuel stimulant et des opportunit\u00e9s infinies de progression. Ce guide vous accompagne dans votre apprentissage, depuis vos premiers pas jusqu\u2019\u00e0 la ma\u00eetrise des techniques avanc\u00e9es, en [&hellip;]","og_url":"https:\/\/latourdepierres.fr\/index.php\/le-jeu-dechecs\/","og_site_name":"La Tour de pierres","article_modified_time":"2025-08-15T23:07:28+00:00","twitter_card":"summary_large_image","twitter_misc":{"Dur\u00e9e de lecture estim\u00e9e":"2 minutes"},"schema":{"@context":"https:\/\/schema.org","@graph":[{"@type":"WebPage","@id":"https:\/\/latourdepierres.fr\/index.php\/le-jeu-dechecs\/","url":"https:\/\/latourdepierres.fr\/index.php\/le-jeu-dechecs\/","name":"Le jeu d'\u00e9checs - La Tour de pierres","isPartOf":{"@id":"https:\/\/latourdepierres.fr\/#website"},"datePublished":"2025-07-28T02:43:35+00:00","dateModified":"2025-08-15T23:07:28+00:00","breadcrumb":{"@id":"https:\/\/latourdepierres.fr\/index.php\/le-jeu-dechecs\/#breadcrumb"},"inLanguage":"fr-FR","potentialAction":[{"@type":"ReadAction","target":["https:\/\/latourdepierres.fr\/index.php\/le-jeu-dechecs\/"]}]},{"@type":"BreadcrumbList","@id":"https:\/\/latourdepierres.fr\/index.php\/le-jeu-dechecs\/#breadcrumb","itemListElement":[{"@type":"ListItem","position":1,"name":"Accueil","item":"https:\/\/latourdepierres.fr\/"},{"@type":"ListItem","position":2,"name":"Le jeu d&#8217;\u00e9checs"}]},{"@type":"WebSite","@id":"https:\/\/latourdepierres.fr\/#website","url":"https:\/\/latourdepierres.fr\/","name":"La Tour de pierres","description":"L&#039;association d&#039;\u00e9checs et de Go \u00e0 Fort de France","publisher":{"@id":"https:\/\/latourdepierres.fr\/#organization"},"potentialAction":[{"@type":"SearchAction","target":{"@type":"EntryPoint","urlTemplate":"https:\/\/latourdepierres.fr\/?s={search_term_string}"},"query-input":{"@type":"PropertyValueSpecification","valueRequired":true,"valueName":"search_term_string"}}],"inLanguage":"fr-FR"},{"@type":"Organization","@id":"https:\/\/latourdepierres.fr\/#organization","name":"La Tour de pierres","url":"https:\/\/latourdepierres.fr\/","logo":{"@type":"ImageObject","inLanguage":"fr-FR","@id":"https:\/\/latourdepierres.fr\/#\/schema\/logo\/image\/","url":"https:\/\/latourdepierres.fr\/wp-content\/uploads\/2025\/07\/1-medium_512.jpg","contentUrl":"https:\/\/latourdepierres.fr\/wp-content\/uploads\/2025\/07\/1-medium_512.jpg","width":512,"height":512,"caption":"La Tour de pierres"},"image":{"@id":"https:\/\/latourdepierres.fr\/#\/schema\/logo\/image\/"},"sameAs":["https:\/\/helloasso.com\/associations\/la-tour-de-pierres"]}]}},"_links":{"self":[{"href":"https:\/\/latourdepierres.fr\/index.php\/wp-json\/wp\/v2\/pages\/18","targetHints":{"allow":["GET"]}}],"collection":[{"href":"https:\/\/latourdepierres.fr\/index.php\/wp-json\/wp\/v2\/pages"}],"about":[{"href":"https:\/\/latourdepierres.fr\/index.php\/wp-json\/wp\/v2\/types\/page"}],"author":[{"embeddable":true,"href":"https:\/\/latourdepierres.fr\/index.php\/wp-json\/wp\/v2\/users\/2"}],"replies":[{"embeddable":true,"href":"https:\/\/latourdepierres.fr\/index.php\/wp-json\/wp\/v2\/comments?post=18"}],"version-history":[{"count":0,"href":"https:\/\/latourdepierres.fr\/index.php\/wp-json\/wp\/v2\/pages\/18\/revisions"}],"wp:attachment":[{"href":"https:\/\/latourdepierres.fr\/index.php\/wp-json\/wp\/v2\/media?parent=18"}],"curies":[{"name":"wp","href":"https:\/\/api.w.org\/{rel}","templated":true}]}}