{"id":14,"date":"2025-07-27T22:43:45","date_gmt":"2025-07-28T02:43:45","guid":{"rendered":"https:\/\/latourdepierres.fr\/?page_id=14"},"modified":"2025-08-08T19:15:25","modified_gmt":"2025-08-08T23:15:25","slug":"le-jeu-de-go","status":"publish","type":"page","link":"https:\/\/latourdepierres.fr\/index.php\/le-jeu-de-go\/","title":{"rendered":"Le Jeu de GO"},"content":{"rendered":"\t\t<div data-elementor-type=\"wp-page\" data-elementor-id=\"14\" class=\"elementor elementor-14\">\n\t\t\t\t<div class=\"elementor-element elementor-element-0ed8685 e-flex e-con-boxed e-con e-parent\" data-id=\"0ed8685\" data-element_type=\"container\">\n\t\t\t\t\t<div class=\"e-con-inner\">\n\t\t\t\t<div class=\"elementor-element elementor-element-f6506fa elementor-widget elementor-widget-heading\" data-id=\"f6506fa\" data-element_type=\"widget\" data-widget_type=\"heading.default\">\n\t\t\t\t\t<h1 class=\"elementor-heading-title elementor-size-default\">Apprendre avec D\u00e9d\u00e9 les r\u00e8gles de base<\/h1>\t\t\t\t<\/div>\n\t\t\t\t<div class=\"elementor-element elementor-element-ad0eac2 elementor-widget elementor-widget-text-editor\" data-id=\"ad0eac2\" data-element_type=\"widget\" data-widget_type=\"text-editor.default\">\n\t\t\t\t\t\t\t\t\t<p class=\"ds-markdown-paragraph\">Pour bien d\u00e9buter au Go, ma\u00eetrisez ces principes fondamentaux :<\/p><ol start=\"1\"><li><p class=\"ds-markdown-paragraph\"><strong>Le mat\u00e9riel<\/strong> :<\/p><ul><li><p class=\"ds-markdown-paragraph\">Un goban (grille g\u00e9n\u00e9ralement 19\u00d719, mais on peut jouer sur 9\u00d79 ou 13\u00d713 pour apprendre).<\/p><\/li><li><p class=\"ds-markdown-paragraph\">Des pierres noires et blanches.<\/p><\/li><\/ul><\/li><li><p class=\"ds-markdown-paragraph\"><strong>Le but du jeu<\/strong> :<\/p><ul><li><p class=\"ds-markdown-paragraph\">Contr\u00f4ler plus de territoire que l&#8217;adversaire en entourant des zones vides avec vos pierres.<\/p><\/li><\/ul><\/li><li><p class=\"ds-markdown-paragraph\"><strong>Les r\u00e8gles essentielles<\/strong> :<\/p><ul><li><p class=\"ds-markdown-paragraph\"><strong>Placement des pierres<\/strong> : On pose une pierre \u00e0 chaque tour sur une intersection vide.<\/p><\/li><li><p class=\"ds-markdown-paragraph\"><strong>Libert\u00e9s<\/strong> : Un groupe de pierres doit toujours avoir au moins une libert\u00e9 (intersection adjacente vide) pour survivre.<\/p><\/li><li><p class=\"ds-markdown-paragraph\"><strong>Capture<\/strong> : Si un groupe n&#8217;a plus de libert\u00e9s, il est captur\u00e9 et retir\u00e9 du plateau.<\/p><\/li><li><p class=\"ds-markdown-paragraph\"><strong>R\u00e8gle du ko<\/strong> : Interdit de recr\u00e9er imm\u00e9diatement une position identique au coup pr\u00e9c\u00e9dent.<\/p><\/li><\/ul><\/li><li><p class=\"ds-markdown-paragraph\"><strong>Fin de partie et comptage<\/strong> :<\/p><ul><li><p class=\"ds-markdown-paragraph\">Les joueurs passent s&#8217;ils n&#8217;ont plus de coups utiles.<\/p><\/li><li><p class=\"ds-markdown-paragraph\">On compte les territoires contr\u00f4l\u00e9s + les pierres captur\u00e9es pour d\u00e9terminer le vainqueur.<\/p><\/li><\/ul><\/li><\/ol><p class=\"ds-markdown-paragraph\"><em>Astuce de D\u00e9d\u00e9<\/em> : Commencez par des parties sur un petit plateau (9\u00d79) pour mieux visualiser les captures et le territoire.<\/p><p>&gt;&gt; <a href=\"https:\/\/jeudego.org\/_php\/dede.php\">D\u00e9d\u00e9, le prof de go<\/a><\/p>\t\t\t\t\t\t\t\t<\/div>\n\t\t\t\t<div class=\"elementor-element elementor-element-9fb78d4 elementor-widget elementor-widget-spacer\" data-id=\"9fb78d4\" data-element_type=\"widget\" data-widget_type=\"spacer.default\">\n\t\t\t\t\t\t\t<div class=\"elementor-spacer\">\n\t\t\t<div class=\"elementor-spacer-inner\"><\/div>\n\t\t<\/div>\n\t\t\t\t\t\t<\/div>\n\t\t\t\t<div class=\"elementor-element elementor-element-12aaf0c elementor-widget elementor-widget-heading\" data-id=\"12aaf0c\" data-element_type=\"widget\" data-widget_type=\"heading.default\">\n\t\t\t\t\t<h1 class=\"elementor-heading-title elementor-size-default\">O\u00f9 peut-on jouer sur internet ?<\/h1>\t\t\t\t<\/div>\n\t\t\t\t<div class=\"elementor-element elementor-element-6af01e1 elementor-widget elementor-widget-text-editor\" data-id=\"6af01e1\" data-element_type=\"widget\" data-widget_type=\"text-editor.default\">\n\t\t\t\t\t\t\t\t\t<p class=\"ds-markdown-paragraph\">Plusieurs plateformes permettent de jouer au Go en ligne, quel que soit votre niveau :<\/p><ol start=\"1\"><li><p class=\"ds-markdown-paragraph\"><strong><a href=\"https:\/\/online-go.com\/\" target=\"_blank\" rel=\"noopener noreferrer\">OGS (Online Go Server)<\/a><\/strong> :<\/p><ul><li><p class=\"ds-markdown-paragraph\">Gratuit, interface intuitive, adapt\u00e9 aux d\u00e9butants comme aux experts.<\/p><\/li><li><p class=\"ds-markdown-paragraph\">Syst\u00e8me de matchmaking et tournois r\u00e9guliers.<\/p><\/li><\/ul><\/li><li><p class=\"ds-markdown-paragraph\"><strong><a href=\"http:\/\/www.gokgs.com\/\" target=\"_blank\" rel=\"noopener noreferrer\">KGS (Kiseido Go Server)<\/a><\/strong> :<\/p><ul><li><p class=\"ds-markdown-paragraph\">Client t\u00e9l\u00e9chargeable, tr\u00e8s populaire pour les parties en temps r\u00e9el.<\/p><\/li><li><p class=\"ds-markdown-paragraph\">Salon de discussion et cours pour d\u00e9butants.<\/p><\/li><\/ul><\/li><li><p class=\"ds-markdown-paragraph\"><strong><a href=\"https:\/\/www.foxwq.com\/\" target=\"_blank\" rel=\"noopener noreferrer\">Fox Go Server<\/a><\/strong> (pour les joueurs avanc\u00e9s) :<\/p><ul><li><p class=\"ds-markdown-paragraph\">Tr\u00e8s comp\u00e9titif, avec une forte communaut\u00e9 asiatique.<\/p><\/li><li><p class=\"ds-markdown-paragraph\">Nombreux bots et parties rapides.<\/p><\/li><\/ul><\/li><li><p class=\"ds-markdown-paragraph\"><strong>Applications mobiles<\/strong> :<\/p><ul><li><p class=\"ds-markdown-paragraph\"><strong>BadukPop<\/strong> (id\u00e9al pour apprendre en s\u2019amusant).<\/p><\/li><li><p class=\"ds-markdown-paragraph\"><strong>Tygem<\/strong> (pour jouer contre des adversaires du monde entier).<\/p><\/li><\/ul><\/li><\/ol>\t\t\t\t\t\t\t\t<\/div>\n\t\t\t\t\t<\/div>\n\t\t\t\t<\/div>\n\t\t<div class=\"elementor-element elementor-element-1b31168 e-flex e-con-boxed e-con e-parent\" data-id=\"1b31168\" data-element_type=\"container\">\n\t\t\t\t\t<div class=\"e-con-inner\">\n\t\t\t\t<div class=\"elementor-element elementor-element-0b00e8f elementor-widget elementor-widget-spacer\" data-id=\"0b00e8f\" data-element_type=\"widget\" data-widget_type=\"spacer.default\">\n\t\t\t\t\t\t\t<div class=\"elementor-spacer\">\n\t\t\t<div class=\"elementor-spacer-inner\"><\/div>\n\t\t<\/div>\n\t\t\t\t\t\t<\/div>\n\t\t\t\t<div class=\"elementor-element elementor-element-b0a9c80 elementor-widget elementor-widget-heading\" data-id=\"b0a9c80\" data-element_type=\"widget\" data-widget_type=\"heading.default\">\n\t\t\t\t\t<h1 class=\"elementor-heading-title elementor-size-default\">Concepts li\u00e9s au jeu<\/h1>\t\t\t\t<\/div>\n\t\t\t\t<div class=\"elementor-element elementor-element-9fed51f elementor-widget elementor-widget-text-editor\" data-id=\"9fed51f\" data-element_type=\"widget\" data-widget_type=\"text-editor.default\">\n\t\t\t\t\t\t\t\t\t<p class=\"ds-markdown-paragraph\">Pour progresser, familiarisez-vous avec ces notions strat\u00e9giques :<\/p><ol start=\"1\"><li><p class=\"ds-markdown-paragraph\"><strong>Les formes (tesuji)<\/strong> :<\/p><ul><li><p class=\"ds-markdown-paragraph\"><em>Le coup de cheval<\/em>, <em>le hane<\/em>, <em>l\u2019attache<\/em>\u2026 Apprenez les mouvements efficaces pour renforcer vos groupes.<\/p><\/li><\/ul><\/li><li><p class=\"ds-markdown-paragraph\"><strong>La notion d\u2019influence (fuseki)<\/strong> :<\/p><ul><li><p class=\"ds-markdown-paragraph\">En d\u00e9but de partie, \u00e9quilibrez territoire (coins\/c\u00f4t\u00e9s) et influence (centre).<\/p><\/li><\/ul><\/li><li><p class=\"ds-markdown-paragraph\"><strong>La vie et la mort des groupes<\/strong> :<\/p><ul><li><p class=\"ds-markdown-paragraph\">Un groupe doit former <em>deux yeux<\/em> pour \u00eatre invincible.<\/p><\/li><li><p class=\"ds-markdown-paragraph\">\u00c9tudiez les probl\u00e8mes de <em>vie et mort<\/em> (tsumego) pour am\u00e9liorer votre lecture.<\/p><\/li><\/ul><\/li><li><p class=\"ds-markdown-paragraph\"><strong>Le sente et le gote<\/strong> :<\/p><ul><li><p class=\"ds-markdown-paragraph\"><em>Sente<\/em> : Jouer un coup qui force l\u2019adversaire \u00e0 r\u00e9pondre (initiative).<\/p><\/li><li><p class=\"ds-markdown-paragraph\"><em>Gote<\/em> : R\u00e9pondre \u00e0 une menace (perte d\u2019initiative).<\/p><\/li><\/ul><\/li><li><p class=\"ds-markdown-paragraph\"><strong>Le joseki (s\u00e9quences d\u2019ouverture standardis\u00e9es)<\/strong> :<\/p><ul><li><p class=\"ds-markdown-paragraph\">Apprenez quelques josekis de base pour les coins, mais ne les m\u00e9morisez pas sans comprendre leur logique.<\/p><\/li><\/ul><\/li><\/ol>\t\t\t\t\t\t\t\t<\/div>\n\t\t\t\t\t<\/div>\n\t\t\t\t<\/div>\n\t\t\t\t<\/div>\n\t\t","protected":false},"excerpt":{"rendered":"<p>Apprendre avec D\u00e9d\u00e9 les r\u00e8gles de base Pour bien d\u00e9buter au Go, ma\u00eetrisez ces principes fondamentaux : Le mat\u00e9riel : Un goban (grille g\u00e9n\u00e9ralement 19\u00d719, mais on peut jouer sur 9\u00d79 ou 13\u00d713 pour apprendre). Des pierres noires et blanches. Le but du jeu : Contr\u00f4ler plus de territoire que l&#8217;adversaire en entourant des zones [&hellip;]<\/p>\n","protected":false},"author":2,"featured_media":0,"parent":0,"menu_order":0,"comment_status":"closed","ping_status":"closed","template":"","meta":{"ocean_post_layout":"","ocean_both_sidebars_style":"","ocean_both_sidebars_content_width":0,"ocean_both_sidebars_sidebars_width":0,"ocean_sidebar":"","ocean_second_sidebar":"","ocean_disable_margins":"enable","ocean_add_body_class":"","ocean_shortcode_before_top_bar":"","ocean_shortcode_after_top_bar":"","ocean_shortcode_before_header":"","ocean_shortcode_after_header":"","ocean_has_shortcode":"","ocean_shortcode_after_title":"","ocean_shortcode_before_footer_widgets":"","ocean_shortcode_after_footer_widgets":"","ocean_shortcode_before_footer_bottom":"","ocean_shortcode_after_footer_bottom":"","ocean_display_top_bar":"default","ocean_display_header":"default","ocean_header_style":"","ocean_center_header_left_menu":"","ocean_custom_header_template":"","ocean_custom_logo":0,"ocean_custom_retina_logo":0,"ocean_custom_logo_max_width":0,"ocean_custom_logo_tablet_max_width":0,"ocean_custom_logo_mobile_max_width":0,"ocean_custom_logo_max_height":0,"ocean_custom_logo_tablet_max_height":0,"ocean_custom_logo_mobile_max_height":0,"ocean_header_custom_menu":"","ocean_menu_typo_font_family":"","ocean_menu_typo_font_subset":"","ocean_menu_typo_font_size":0,"ocean_menu_typo_font_size_tablet":0,"ocean_menu_typo_font_size_mobile":0,"ocean_menu_typo_font_size_unit":"px","ocean_menu_typo_font_weight":"","ocean_menu_typo_font_weight_tablet":"","ocean_menu_typo_font_weight_mobile":"","ocean_menu_typo_transform":"","ocean_menu_typo_transform_tablet":"","ocean_menu_typo_transform_mobile":"","ocean_menu_typo_line_height":0,"ocean_menu_typo_line_height_tablet":0,"ocean_menu_typo_line_height_mobile":0,"ocean_menu_typo_line_height_unit":"","ocean_menu_typo_spacing":0,"ocean_menu_typo_spacing_tablet":0,"ocean_menu_typo_spacing_mobile":0,"ocean_menu_typo_spacing_unit":"","ocean_menu_link_color":"","ocean_menu_link_color_hover":"","ocean_menu_link_color_active":"","ocean_menu_link_background":"","ocean_menu_link_hover_background":"","ocean_menu_link_active_background":"","ocean_menu_social_links_bg":"","ocean_menu_social_hover_links_bg":"","ocean_menu_social_links_color":"","ocean_menu_social_hover_links_color":"","ocean_disable_title":"default","ocean_disable_heading":"default","ocean_post_title":"","ocean_post_subheading":"","ocean_post_title_style":"","ocean_post_title_background_color":"","ocean_post_title_background":0,"ocean_post_title_bg_image_position":"","ocean_post_title_bg_image_attachment":"","ocean_post_title_bg_image_repeat":"","ocean_post_title_bg_image_size":"","ocean_post_title_height":0,"ocean_post_title_bg_overlay":0.5,"ocean_post_title_bg_overlay_color":"","ocean_disable_breadcrumbs":"default","ocean_breadcrumbs_color":"","ocean_breadcrumbs_separator_color":"","ocean_breadcrumbs_links_color":"","ocean_breadcrumbs_links_hover_color":"","ocean_display_footer_widgets":"default","ocean_display_footer_bottom":"default","ocean_custom_footer_template":"","footnotes":""},"class_list":["post-14","page","type-page","status-publish","hentry","entry"],"yoast_head":"<!-- This site is optimized with the Yoast SEO plugin v25.8 - https:\/\/yoast.com\/wordpress\/plugins\/seo\/ -->\n<title>Le Jeu de GO - La Tour de pierres<\/title>\n<meta name=\"robots\" content=\"index, follow, max-snippet:-1, max-image-preview:large, max-video-preview:-1\" \/>\n<link rel=\"canonical\" href=\"https:\/\/latourdepierres.fr\/index.php\/le-jeu-de-go\/\" \/>\n<meta property=\"og:locale\" content=\"fr_FR\" \/>\n<meta property=\"og:type\" content=\"article\" \/>\n<meta property=\"og:title\" content=\"Le Jeu de GO - La Tour de pierres\" \/>\n<meta property=\"og:description\" content=\"Apprendre avec D\u00e9d\u00e9 les r\u00e8gles de base Pour bien d\u00e9buter au Go, ma\u00eetrisez ces principes fondamentaux : Le mat\u00e9riel : Un goban (grille g\u00e9n\u00e9ralement 19\u00d719, mais on peut jouer sur 9\u00d79 ou 13\u00d713 pour apprendre). Des pierres noires et blanches. Le but du jeu : Contr\u00f4ler plus de territoire que l&#8217;adversaire en entourant des zones [&hellip;]\" \/>\n<meta property=\"og:url\" content=\"https:\/\/latourdepierres.fr\/index.php\/le-jeu-de-go\/\" \/>\n<meta property=\"og:site_name\" content=\"La Tour de pierres\" \/>\n<meta property=\"article:modified_time\" content=\"2025-08-08T23:15:25+00:00\" \/>\n<meta name=\"twitter:card\" content=\"summary_large_image\" \/>\n<meta name=\"twitter:label1\" content=\"Dur\u00e9e de lecture estim\u00e9e\" \/>\n\t<meta name=\"twitter:data1\" content=\"2 minutes\" \/>\n<script type=\"application\/ld+json\" class=\"yoast-schema-graph\">{\"@context\":\"https:\/\/schema.org\",\"@graph\":[{\"@type\":\"WebPage\",\"@id\":\"https:\/\/latourdepierres.fr\/index.php\/le-jeu-de-go\/\",\"url\":\"https:\/\/latourdepierres.fr\/index.php\/le-jeu-de-go\/\",\"name\":\"Le Jeu de GO - La Tour de pierres\",\"isPartOf\":{\"@id\":\"https:\/\/latourdepierres.fr\/#website\"},\"datePublished\":\"2025-07-28T02:43:45+00:00\",\"dateModified\":\"2025-08-08T23:15:25+00:00\",\"breadcrumb\":{\"@id\":\"https:\/\/latourdepierres.fr\/index.php\/le-jeu-de-go\/#breadcrumb\"},\"inLanguage\":\"fr-FR\",\"potentialAction\":[{\"@type\":\"ReadAction\",\"target\":[\"https:\/\/latourdepierres.fr\/index.php\/le-jeu-de-go\/\"]}]},{\"@type\":\"BreadcrumbList\",\"@id\":\"https:\/\/latourdepierres.fr\/index.php\/le-jeu-de-go\/#breadcrumb\",\"itemListElement\":[{\"@type\":\"ListItem\",\"position\":1,\"name\":\"Accueil\",\"item\":\"https:\/\/latourdepierres.fr\/\"},{\"@type\":\"ListItem\",\"position\":2,\"name\":\"Le Jeu de GO\"}]},{\"@type\":\"WebSite\",\"@id\":\"https:\/\/latourdepierres.fr\/#website\",\"url\":\"https:\/\/latourdepierres.fr\/\",\"name\":\"La Tour de pierres\",\"description\":\"L&#039;association d&#039;\u00e9checs et de Go \u00e0 Fort de France\",\"publisher\":{\"@id\":\"https:\/\/latourdepierres.fr\/#organization\"},\"potentialAction\":[{\"@type\":\"SearchAction\",\"target\":{\"@type\":\"EntryPoint\",\"urlTemplate\":\"https:\/\/latourdepierres.fr\/?s={search_term_string}\"},\"query-input\":{\"@type\":\"PropertyValueSpecification\",\"valueRequired\":true,\"valueName\":\"search_term_string\"}}],\"inLanguage\":\"fr-FR\"},{\"@type\":\"Organization\",\"@id\":\"https:\/\/latourdepierres.fr\/#organization\",\"name\":\"La Tour de pierres\",\"url\":\"https:\/\/latourdepierres.fr\/\",\"logo\":{\"@type\":\"ImageObject\",\"inLanguage\":\"fr-FR\",\"@id\":\"https:\/\/latourdepierres.fr\/#\/schema\/logo\/image\/\",\"url\":\"https:\/\/latourdepierres.fr\/wp-content\/uploads\/2025\/07\/1-medium_512.jpg\",\"contentUrl\":\"https:\/\/latourdepierres.fr\/wp-content\/uploads\/2025\/07\/1-medium_512.jpg\",\"width\":512,\"height\":512,\"caption\":\"La Tour de pierres\"},\"image\":{\"@id\":\"https:\/\/latourdepierres.fr\/#\/schema\/logo\/image\/\"},\"sameAs\":[\"https:\/\/helloasso.com\/associations\/la-tour-de-pierres\"]}]}<\/script>\n<!-- \/ Yoast SEO plugin. -->","yoast_head_json":{"title":"Le Jeu de GO - La Tour de pierres","robots":{"index":"index","follow":"follow","max-snippet":"max-snippet:-1","max-image-preview":"max-image-preview:large","max-video-preview":"max-video-preview:-1"},"canonical":"https:\/\/latourdepierres.fr\/index.php\/le-jeu-de-go\/","og_locale":"fr_FR","og_type":"article","og_title":"Le Jeu de GO - La Tour de pierres","og_description":"Apprendre avec D\u00e9d\u00e9 les r\u00e8gles de base Pour bien d\u00e9buter au Go, ma\u00eetrisez ces principes fondamentaux : Le mat\u00e9riel : Un goban (grille g\u00e9n\u00e9ralement 19\u00d719, mais on peut jouer sur 9\u00d79 ou 13\u00d713 pour apprendre). Des pierres noires et blanches. Le but du jeu : Contr\u00f4ler plus de territoire que l&#8217;adversaire en entourant des zones [&hellip;]","og_url":"https:\/\/latourdepierres.fr\/index.php\/le-jeu-de-go\/","og_site_name":"La Tour de pierres","article_modified_time":"2025-08-08T23:15:25+00:00","twitter_card":"summary_large_image","twitter_misc":{"Dur\u00e9e de lecture estim\u00e9e":"2 minutes"},"schema":{"@context":"https:\/\/schema.org","@graph":[{"@type":"WebPage","@id":"https:\/\/latourdepierres.fr\/index.php\/le-jeu-de-go\/","url":"https:\/\/latourdepierres.fr\/index.php\/le-jeu-de-go\/","name":"Le Jeu de GO - La Tour de pierres","isPartOf":{"@id":"https:\/\/latourdepierres.fr\/#website"},"datePublished":"2025-07-28T02:43:45+00:00","dateModified":"2025-08-08T23:15:25+00:00","breadcrumb":{"@id":"https:\/\/latourdepierres.fr\/index.php\/le-jeu-de-go\/#breadcrumb"},"inLanguage":"fr-FR","potentialAction":[{"@type":"ReadAction","target":["https:\/\/latourdepierres.fr\/index.php\/le-jeu-de-go\/"]}]},{"@type":"BreadcrumbList","@id":"https:\/\/latourdepierres.fr\/index.php\/le-jeu-de-go\/#breadcrumb","itemListElement":[{"@type":"ListItem","position":1,"name":"Accueil","item":"https:\/\/latourdepierres.fr\/"},{"@type":"ListItem","position":2,"name":"Le Jeu de GO"}]},{"@type":"WebSite","@id":"https:\/\/latourdepierres.fr\/#website","url":"https:\/\/latourdepierres.fr\/","name":"La Tour de pierres","description":"L&#039;association d&#039;\u00e9checs et de Go \u00e0 Fort de France","publisher":{"@id":"https:\/\/latourdepierres.fr\/#organization"},"potentialAction":[{"@type":"SearchAction","target":{"@type":"EntryPoint","urlTemplate":"https:\/\/latourdepierres.fr\/?s={search_term_string}"},"query-input":{"@type":"PropertyValueSpecification","valueRequired":true,"valueName":"search_term_string"}}],"inLanguage":"fr-FR"},{"@type":"Organization","@id":"https:\/\/latourdepierres.fr\/#organization","name":"La Tour de pierres","url":"https:\/\/latourdepierres.fr\/","logo":{"@type":"ImageObject","inLanguage":"fr-FR","@id":"https:\/\/latourdepierres.fr\/#\/schema\/logo\/image\/","url":"https:\/\/latourdepierres.fr\/wp-content\/uploads\/2025\/07\/1-medium_512.jpg","contentUrl":"https:\/\/latourdepierres.fr\/wp-content\/uploads\/2025\/07\/1-medium_512.jpg","width":512,"height":512,"caption":"La Tour de pierres"},"image":{"@id":"https:\/\/latourdepierres.fr\/#\/schema\/logo\/image\/"},"sameAs":["https:\/\/helloasso.com\/associations\/la-tour-de-pierres"]}]}},"_links":{"self":[{"href":"https:\/\/latourdepierres.fr\/index.php\/wp-json\/wp\/v2\/pages\/14","targetHints":{"allow":["GET"]}}],"collection":[{"href":"https:\/\/latourdepierres.fr\/index.php\/wp-json\/wp\/v2\/pages"}],"about":[{"href":"https:\/\/latourdepierres.fr\/index.php\/wp-json\/wp\/v2\/types\/page"}],"author":[{"embeddable":true,"href":"https:\/\/latourdepierres.fr\/index.php\/wp-json\/wp\/v2\/users\/2"}],"replies":[{"embeddable":true,"href":"https:\/\/latourdepierres.fr\/index.php\/wp-json\/wp\/v2\/comments?post=14"}],"version-history":[{"count":0,"href":"https:\/\/latourdepierres.fr\/index.php\/wp-json\/wp\/v2\/pages\/14\/revisions"}],"wp:attachment":[{"href":"https:\/\/latourdepierres.fr\/index.php\/wp-json\/wp\/v2\/media?parent=14"}],"curies":[{"name":"wp","href":"https:\/\/api.w.org\/{rel}","templated":true}]}}